{"id":9763,"date":"2024-01-14T17:22:44","date_gmt":"2024-01-14T17:22:44","guid":{"rendered":"https:\/\/5puntocero.com\/?page_id=9763"},"modified":"2024-03-13T17:30:11","modified_gmt":"2024-03-13T17:30:11","slug":"contact","status":"publish","type":"page","link":"https:\/\/5puntocero.com\/es\/contact\/","title":{"rendered":"CONTACT"},"content":{"rendered":"<div style=\"height:51px\" aria-hidden=\"true\" class=\"wp-block-spacer\"><\/div>\n\n\n\n<h2 class=\"wp-block-heading has-text-align-center\" style=\"font-size:80px\">CONTACT<\/h2>\n\n\n\n<div style=\"height:51px\" aria-hidden=\"true\" class=\"wp-block-spacer\"><\/div>\n\n\n\n<p class=\"has-text-align-center\"><strong>Office<\/strong><\/p>\n\n\n\n<p class=\"has-text-align-center\">Gran V\u00eda Marqu\u00e9s del Turia, 49\u00ba-5\u00ba-11\u00aa<\/p>\n\n\n\n<p class=\"has-text-align-center\">46005 Valencia \u00b7 Spain<\/p>\n\n\n\n<div style=\"height:40px\" aria-hidden=\"true\" class=\"wp-block-spacer\"><\/div>\n\n\n\n<p class=\"has-text-align-center\">T\/\/<a href=\"Tel:\" data-type=\"link\" data-id=\"Tel:\">+34 960838464<\/a><\/p>\n\n\n\n<p class=\"has-text-align-center\">M\/\/<a href=\"tel:+34664470291\">+34 664470291<\/a><\/p>\n\n\n\n<div style=\"height:40px\" aria-hidden=\"true\" class=\"wp-block-spacer\"><\/div>\n\n\n\n<p class=\"has-text-align-center\"><strong>General<\/strong><\/p>\n\n\n\n<p class=\"has-text-align-center\"><a href=\"mailto:info@5puntocero.com\" target=\"_blank\" rel=\"noreferrer noopener\">info@5puntocero.com<\/a><\/p>\n\n\n\n<div style=\"height:40px\" aria-hidden=\"true\" class=\"wp-block-spacer\"><\/div>\n\n\n\n<div class=\"wp-block-columns is-layout-flex wp-container-core-columns-is-layout-9d6595d7 wp-block-columns-is-layout-flex\">\n<div class=\"wp-block-column is-layout-flow wp-block-column-is-layout-flow\">\n<p class=\"has-text-align-left textleft\"><strong>Booking Department<\/strong><\/p>\n\n\n\n<p class=\"has-text-align-left textleft\"><a href=\"mailto:booking@5puntocero.com\" target=\"_blank\" rel=\"noreferrer noopener\">booking@5puntocero.com<\/a><\/p>\n<\/div>\n\n\n\n<div class=\"wp-block-column is-layout-flow wp-block-column-is-layout-flow\">\n<p class=\"has-text-align-center\"><strong>Scouting Department <\/strong><\/p>\n\n\n\n<p class=\"has-text-align-center\"><a href=\"mailto:scouting@5puntocero.com\" target=\"_blank\" rel=\"noreferrer noopener\">scouting@5puntocero.com<\/a><\/p>\n<\/div>\n\n\n\n<div class=\"wp-block-column is-layout-flow wp-block-column-is-layout-flow\">\n<p class=\"has-text-align-right textright\"><strong>Accountancy Department<\/strong><\/p>\n\n\n\n<p class=\"has-text-align-right textright\"> <a href=\"mailto:accountancy@5puntocero.com\" target=\"_blank\" rel=\"noreferrer noopener\">accountancy@5puntocero.com<\/a><\/p>\n<\/div>\n<\/div>\n\n\n\n<div style=\"height:40px\" aria-hidden=\"true\" class=\"wp-block-spacer\"><\/div>\n\n\n\n<p class=\"has-text-align-center\">Ada Navarro Penalba<\/p>\n\n\n\n<p class=\"has-text-align-center\"><strong>Director &amp; Owner<\/strong><\/p>\n\n\n\n<p class=\"has-text-align-center\"><a href=\"mailto:ada@5puntocero.com\" target=\"_blank\" rel=\"noreferrer noopener\">ada@5puntocero.com<\/a><\/p>\n\n\n\n<div style=\"height:74px\" aria-hidden=\"true\" class=\"wp-block-spacer\"><\/div>\n\n\n\n<p class=\"has-text-align-center\">5.0 models management es una reconocida agencia de modelos fundada en 2015 por Ada Navarro en Valencia, Spain. Con m\u00e1s de 15 a\u00f1os de experiencia en la industria de la moda y la gesti\u00f3n de modelos.&nbsp;<\/p>\n\n\n\n<p class=\"has-text-align-center\">Apostamos por la calidad y la excelencia, con el objetivo de desarrollar el pleno potencial de nuestros modelos y ofrecer el mejor de los servicios a nuestros clientes.&nbsp;<\/p>\n\n\n\n<p class=\"has-text-align-center\">Nuestra filosof\u00eda se basa en el respeto, amabilidad, sinceridad, apoyo, honradez, el trabajo duro y, por supuesto, la pasi\u00f3n por esta profesi\u00f3n. No nos conformamos con menos y, \u00e9ste es nuestro compromiso y el que comparten los modelos que forman parte de nuestro equipo. En definitiva, \u00e9tica y profesionalidad con un buen ambiente de trabajo.&nbsp;<\/p>\n\n\n\n<p class=\"has-text-align-center\">Con una estrategia de management nacional e internacional, el trabajo comienza con una cuidada selecci\u00f3n de nuestros representados. Desde la convicci\u00f3n de que cada modelo es \u00fanico, trazamos sus planes de formaci\u00f3n y su imagen profesional de forma individualizada. Con una atenci\u00f3n personalizada y cercana que deseamos persista a lo largo del tiempo y que seguiremos cuidando\/mimando cuando su carrera profesional despegue y su trabajo ya no entienda de fronteras. En definitiva, una familia que permanece unida y apoy\u00e1ndose a cada paso del camino.&nbsp;<\/p>\n\n\n\n<div style=\"height:100px\" aria-hidden=\"true\" class=\"wp-block-spacer\"><\/div>\n\n\n\n<div style=\"height:100px\" aria-hidden=\"true\" class=\"wp-block-spacer\"><\/div>\n\n\n\n<div class=\"scrolling-text\">\n    <div class=\"text\" id=\"textContainer\">\n      <span class=\"fontwelcome txt6xl\">\u30fbWelcome to the #5puntoceroFamily<\/span>\n      <span class=\"fontwelcome txt6xl\">\u30fbWelcome to the #5puntoceroFamily<\/span>\n      <span class=\"fontwelcome txt6xl\">\u30fbWelcome to the #5puntoceroFamily<\/span>\n      <span class=\"fontwelcome txt6xl\">\u30fbWelcome to the #5puntoceroFamily<\/span>\n      <span class=\"fontwelcome txt6xl\">\u30fbWelcome to the #5puntoceroFamily<\/span>\n      <span class=\"fontwelcome txt6xl\">\u30fbWelcome to the #5puntoceroFamily<\/span>\n      <span class=\"fontwelcome txt6xl\">\u30fbWelcome to the #5puntoceroFamily<\/span>\n      <span class=\"fontwelcome txt6xl\">\u30fbWelcome to the #5puntoceroFamily<\/span>\n      <span class=\"fontwelcome txt6xl\">\u30fbWelcome to the #5puntoceroFamily<\/span>\n      <span class=\"fontwelcome txt6xl\">\u30fbWelcome to the #5puntoceroFamily<\/span>\n      <span class=\"fontwelcome txt6xl\">\u30fbWelcome to the #5puntoceroFamily<\/span>\n\n    <\/div>\n  <\/div>","protected":false},"excerpt":{"rendered":"<p>CONTACT Office Gran V\u00eda Marqu\u00e9s del Turia, 49\u00ba-5\u00ba-11\u00aa 46005 Valencia \u00b7 Spain T\/\/+34 960838464 M\/\/+34 664470291 General info@5puntocero.com Booking Department booking@5puntocero.com Scouting Department scouting@5puntocero.com Accountancy Department accountancy@5puntocero.com Ada Navarro Penalba Director &amp; Owner ada@5puntocero.com 5.0 models management is a renowned modeling agency founded in 2015 by Ada Navarro in Valencia, Spain. With more than 15 [&hellip;]<\/p>","protected":false},"author":1,"featured_media":12840,"parent":0,"menu_order":9,"comment_status":"closed","ping_status":"closed","template":"","meta":{"_seopress_robots_primary_cat":"","_seopress_titles_title":"","_seopress_titles_desc":"","_seopress_robots_index":"","_vp_format_video_url":"","_vp_image_focal_point":[],"footnotes":""},"class_list":["post-9763","page","type-page","status-publish","has-post-thumbnail","hentry"],"_links":{"self":[{"href":"https:\/\/5puntocero.com\/es\/wp-json\/wp\/v2\/pages\/9763","targetHints":{"allow":["GET"]}}],"collection":[{"href":"https:\/\/5puntocero.com\/es\/wp-json\/wp\/v2\/pages"}],"about":[{"href":"https:\/\/5puntocero.com\/es\/wp-json\/wp\/v2\/types\/page"}],"author":[{"embeddable":true,"href":"https:\/\/5puntocero.com\/es\/wp-json\/wp\/v2\/users\/1"}],"replies":[{"embeddable":true,"href":"https:\/\/5puntocero.com\/es\/wp-json\/wp\/v2\/comments?post=9763"}],"version-history":[{"count":35,"href":"https:\/\/5puntocero.com\/es\/wp-json\/wp\/v2\/pages\/9763\/revisions"}],"predecessor-version":[{"id":13852,"href":"https:\/\/5puntocero.com\/es\/wp-json\/wp\/v2\/pages\/9763\/revisions\/13852"}],"wp:featuredmedia":[{"embeddable":true,"href":"https:\/\/5puntocero.com\/es\/wp-json\/wp\/v2\/media\/12840"}],"wp:attachment":[{"href":"https:\/\/5puntocero.com\/es\/wp-json\/wp\/v2\/media?parent=9763"}],"curies":[{"name":"wp","href":"https:\/\/api.w.org\/{rel}","templated":true}]}}