{"id":9761,"date":"2024-01-14T17:22:07","date_gmt":"2024-01-14T17:22:07","guid":{"rendered":"https:\/\/5puntocero.com\/?page_id=9761"},"modified":"2024-03-08T20:03:45","modified_gmt":"2024-03-08T20:03:45","slug":"become-a-model","status":"publish","type":"page","link":"https:\/\/5puntocero.com\/es\/become-a-model\/","title":{"rendered":"BECOME A MODEL"},"content":{"rendered":"<div style=\"height:30px\" aria-hidden=\"true\" class=\"wp-block-spacer\"><\/div>\n\n\n\n<div class=\"scrolling-text\">\n    <div class=\"text\" id=\"textContainer\">\n      <span class=\"txtkids txt8xl\">\u30fbBE<\/span>\n      <span class=\"txtwomen txt8xl\">5.0<\/span>\n      <span class=\"txtkids txt8xl\">\u30fbBE<\/span>\n      <span class=\"txtwomen txt8xl\">5.0<\/span>\n      <span class=\"txtkids txt8xl\">\u30fbBE<\/span>\n      <span class=\"txtwomen txt8xl\">5.0<\/span>\n      <span class=\"txtkids txt8xl\">\u30fbBE<\/span>\n      <span class=\"txtwomen txt8xl\">5.0<\/span>\n      <span class=\"txtkids txt8xl\">\u30fbBE<\/span>\n      <span class=\"txtwomen txt8xl\">5.0<\/span>\n      <span class=\"txtkids txt8xl\">\u30fbBE<\/span>\n      <span class=\"txtwomen txt8xl\">5.0<\/span>\n      <span class=\"txtkids txt8xl\">\u30fbBE<\/span>\n      <span class=\"txtwomen txt8xl\">5.0<\/span>\n      <span class=\"txtkids txt8xl\">\u30fbBE<\/span>\n      <span class=\"txtwomen txt8xl\">5.0<\/span>\n      <span class=\"txtkids txt8xl\">\u30fbBE<\/span>\n      <span class=\"txtwomen txt8xl\">5.0<\/span>\n      <span class=\"txtkids txt8xl\">\u30fbBE<\/span>\n      <span class=\"txtwomen txt8xl\">5.0<\/span>\n      <span class=\"txtkids txt8xl\">\u30fbBE<\/span>\n      <span class=\"txtwomen txt8xl\">5.0<\/span>\n      <span class=\"txtkids txt8xl\">\u30fbBE<\/span>\n      <span class=\"txtwomen txt8xl\">5.0<\/span>\n      <span class=\"txtkids txt8xl\">\u30fbBE<\/span>\n      <span class=\"txtwomen txt8xl\">5.0<\/span>\n    <\/div>\n  <\/div>\n\n\n\n<div style=\"height:30px\" aria-hidden=\"true\" class=\"wp-block-spacer\"><\/div>\n\n\n\n<p class=\"has-text-align-center\">Crees que tienes ese \u25cf que buscamos en <span style=\"font-family: 'Jost', sans-serif !important; font-weight: 300 !important; font-size: 16px !important;\">#5puntoceroFamily?<\/span><br>En 5.0 models siempre estamos en constante b\u00fasqueda de nuevas caras, no tenemos l\u00edmite de edad.<\/p>\n\n\n\n<p class=\"has-text-align-center\">Si eres menor de 18 a\u00f1os, habla del tema con tus padres\/tutor legal antes de ponerte en contacto con nosotros. As\u00ed mismo, en el caso de ser citado por la agencia, deber\u00e1s venir acompa\u00f1ado por alguno de ellos.<\/p>\n\n\n\n<p class=\"has-text-align-center\">Env\u00edanos tus fotos y datos (altura, edad, pecho, cintura, cadera, lugar de residencia, tel\u00e9fono de contacto y cuenta de Instagram) al siguiente e-mail:<\/p>\n\n\n\n<p class=\"has-text-align-center mailbe5punto0\"><a href=\"mailto:scouting@5puntocero.com\" target=\"_blank\" rel=\"noreferrer noopener\">scouting@5puntocero.com<\/a><\/p>\n\n\n\n<p class=\"has-text-align-center\">Si tienes ese \u25cf nos pondremos en contacto contigo en un plazo m\u00e1ximo de 5 d\u00edas laborables.<\/p>\n\n\n\n<p class=\"has-text-align-center\">No atendemos sin cita previa.<\/p>\n\n\n\n<div style=\"height:100px\" aria-hidden=\"true\" class=\"wp-block-spacer\"><\/div>\n\n\n\n<div class=\"wp-block-columns alignwide are-vertically-aligned-center is-layout-flex wp-container-core-columns-is-layout-9d6595d7 wp-block-columns-is-layout-flex\">\n<div class=\"wp-block-column is-vertically-aligned-center is-layout-flow wp-block-column-is-layout-flow\">\n<figure class=\"wp-block-image size-full\"><img fetchpriority=\"high\" decoding=\"async\" width=\"1232\" height=\"1600\" src=\"https:\/\/5puntocero.com\/wp-content\/uploads\/2024\/03\/anna-jin-cinco-punto-cero-agencia-modelos-valencia-BE-1.jpg\" alt=\"\" class=\"wp-image-13841\" srcset=\"https:\/\/5puntocero.com\/wp-content\/uploads\/2024\/03\/anna-jin-cinco-punto-cero-agencia-modelos-valencia-BE-1.jpg 1232w, https:\/\/5puntocero.com\/wp-content\/uploads\/2024\/03\/anna-jin-cinco-punto-cero-agencia-modelos-valencia-BE-1-462x600.jpg 462w, https:\/\/5puntocero.com\/wp-content\/uploads\/2024\/03\/anna-jin-cinco-punto-cero-agencia-modelos-valencia-BE-1-308x400.jpg 308w, https:\/\/5puntocero.com\/wp-content\/uploads\/2024\/03\/anna-jin-cinco-punto-cero-agencia-modelos-valencia-BE-1-768x997.jpg 768w, https:\/\/5puntocero.com\/wp-content\/uploads\/2024\/03\/anna-jin-cinco-punto-cero-agencia-modelos-valencia-BE-1-1183x1536.jpg 1183w, https:\/\/5puntocero.com\/wp-content\/uploads\/2024\/03\/anna-jin-cinco-punto-cero-agencia-modelos-valencia-BE-1-9x12.jpg 9w, https:\/\/5puntocero.com\/wp-content\/uploads\/2024\/03\/anna-jin-cinco-punto-cero-agencia-modelos-valencia-BE-1-500x649.jpg 500w, https:\/\/5puntocero.com\/wp-content\/uploads\/2024\/03\/anna-jin-cinco-punto-cero-agencia-modelos-valencia-BE-1-800x1039.jpg 800w\" sizes=\"(max-width: 1232px) 100vw, 1232px\" \/><\/figure>\n<\/div>\n\n\n\n<div class=\"wp-block-column is-vertically-aligned-center is-layout-flow wp-block-column-is-layout-flow\">\n<figure class=\"wp-block-image size-full\"><img decoding=\"async\" width=\"1232\" height=\"1600\" src=\"https:\/\/5puntocero.com\/wp-content\/uploads\/2024\/03\/anna-jin-cinco-punto-cero-agencia-modelos-valencia-BE-3.jpg\" alt=\"\" class=\"wp-image-13843\" srcset=\"https:\/\/5puntocero.com\/wp-content\/uploads\/2024\/03\/anna-jin-cinco-punto-cero-agencia-modelos-valencia-BE-3.jpg 1232w, https:\/\/5puntocero.com\/wp-content\/uploads\/2024\/03\/anna-jin-cinco-punto-cero-agencia-modelos-valencia-BE-3-462x600.jpg 462w, https:\/\/5puntocero.com\/wp-content\/uploads\/2024\/03\/anna-jin-cinco-punto-cero-agencia-modelos-valencia-BE-3-308x400.jpg 308w, https:\/\/5puntocero.com\/wp-content\/uploads\/2024\/03\/anna-jin-cinco-punto-cero-agencia-modelos-valencia-BE-3-768x997.jpg 768w, https:\/\/5puntocero.com\/wp-content\/uploads\/2024\/03\/anna-jin-cinco-punto-cero-agencia-modelos-valencia-BE-3-1183x1536.jpg 1183w, https:\/\/5puntocero.com\/wp-content\/uploads\/2024\/03\/anna-jin-cinco-punto-cero-agencia-modelos-valencia-BE-3-9x12.jpg 9w, https:\/\/5puntocero.com\/wp-content\/uploads\/2024\/03\/anna-jin-cinco-punto-cero-agencia-modelos-valencia-BE-3-500x649.jpg 500w, https:\/\/5puntocero.com\/wp-content\/uploads\/2024\/03\/anna-jin-cinco-punto-cero-agencia-modelos-valencia-BE-3-800x1039.jpg 800w\" sizes=\"(max-width: 1232px) 100vw, 1232px\" \/><\/figure>\n<\/div>\n\n\n\n<div class=\"wp-block-column is-vertically-aligned-center is-layout-flow wp-block-column-is-layout-flow\">\n<figure class=\"wp-block-image size-full\"><img decoding=\"async\" width=\"1232\" height=\"1600\" src=\"https:\/\/5puntocero.com\/wp-content\/uploads\/2024\/03\/anna-jin-cinco-punto-cero-agencia-modelos-valencia-BE-2.jpg\" alt=\"\" class=\"wp-image-13842\" srcset=\"https:\/\/5puntocero.com\/wp-content\/uploads\/2024\/03\/anna-jin-cinco-punto-cero-agencia-modelos-valencia-BE-2.jpg 1232w, https:\/\/5puntocero.com\/wp-content\/uploads\/2024\/03\/anna-jin-cinco-punto-cero-agencia-modelos-valencia-BE-2-462x600.jpg 462w, https:\/\/5puntocero.com\/wp-content\/uploads\/2024\/03\/anna-jin-cinco-punto-cero-agencia-modelos-valencia-BE-2-308x400.jpg 308w, https:\/\/5puntocero.com\/wp-content\/uploads\/2024\/03\/anna-jin-cinco-punto-cero-agencia-modelos-valencia-BE-2-768x997.jpg 768w, https:\/\/5puntocero.com\/wp-content\/uploads\/2024\/03\/anna-jin-cinco-punto-cero-agencia-modelos-valencia-BE-2-1183x1536.jpg 1183w, https:\/\/5puntocero.com\/wp-content\/uploads\/2024\/03\/anna-jin-cinco-punto-cero-agencia-modelos-valencia-BE-2-9x12.jpg 9w, https:\/\/5puntocero.com\/wp-content\/uploads\/2024\/03\/anna-jin-cinco-punto-cero-agencia-modelos-valencia-BE-2-500x649.jpg 500w, https:\/\/5puntocero.com\/wp-content\/uploads\/2024\/03\/anna-jin-cinco-punto-cero-agencia-modelos-valencia-BE-2-800x1039.jpg 800w\" sizes=\"(max-width: 1232px) 100vw, 1232px\" \/><\/figure>\n<\/div>\n\n\n\n<div class=\"wp-block-column is-vertically-aligned-center is-layout-flow wp-block-column-is-layout-flow\">\n<figure class=\"wp-block-image size-full\"><img loading=\"lazy\" decoding=\"async\" width=\"1232\" height=\"1600\" src=\"https:\/\/5puntocero.com\/wp-content\/uploads\/2024\/03\/anna-jin-cinco-punto-cero-agencia-modelos-valencia-BE-4.jpg\" alt=\"\" class=\"wp-image-13844\" srcset=\"https:\/\/5puntocero.com\/wp-content\/uploads\/2024\/03\/anna-jin-cinco-punto-cero-agencia-modelos-valencia-BE-4.jpg 1232w, https:\/\/5puntocero.com\/wp-content\/uploads\/2024\/03\/anna-jin-cinco-punto-cero-agencia-modelos-valencia-BE-4-462x600.jpg 462w, https:\/\/5puntocero.com\/wp-content\/uploads\/2024\/03\/anna-jin-cinco-punto-cero-agencia-modelos-valencia-BE-4-308x400.jpg 308w, https:\/\/5puntocero.com\/wp-content\/uploads\/2024\/03\/anna-jin-cinco-punto-cero-agencia-modelos-valencia-BE-4-768x997.jpg 768w, https:\/\/5puntocero.com\/wp-content\/uploads\/2024\/03\/anna-jin-cinco-punto-cero-agencia-modelos-valencia-BE-4-1183x1536.jpg 1183w, https:\/\/5puntocero.com\/wp-content\/uploads\/2024\/03\/anna-jin-cinco-punto-cero-agencia-modelos-valencia-BE-4-9x12.jpg 9w, https:\/\/5puntocero.com\/wp-content\/uploads\/2024\/03\/anna-jin-cinco-punto-cero-agencia-modelos-valencia-BE-4-500x649.jpg 500w, https:\/\/5puntocero.com\/wp-content\/uploads\/2024\/03\/anna-jin-cinco-punto-cero-agencia-modelos-valencia-BE-4-800x1039.jpg 800w\" sizes=\"(max-width: 1232px) 100vw, 1232px\" \/><\/figure>\n<\/div>\n<\/div>","protected":false},"excerpt":{"rendered":"<p>\u30fbBE 5.0 \u30fbBE 5.0 \u30fbBE 5.0 \u30fbBE 5.0 \u30fbBE 5.0 \u30fbBE 5.0 \u30fbBE 5.0 \u30fbBE 5.0 \u30fbBE 5.0 \u30fbBE 5.0 \u30fbBE 5.0 \u30fbBE 5.0 \u30fbBE 5.0 Do you think you have that \u25cf that we are looking for in #5puntoceroFamily?At 5.0 models we are always in constant search for new faces, we have no age [&hellip;]<\/p>","protected":false},"author":1,"featured_media":12841,"parent":0,"menu_order":8,"comment_status":"closed","ping_status":"closed","template":"","meta":{"_seopress_robots_primary_cat":"","_seopress_titles_title":"","_seopress_titles_desc":"\u2022 5.0 MODELS MANAGEMENT is a recognized Model Agency in Spain based in Valencia, we represent Women, Men and Kids models. Working since 2015 in the fashion and advertising market.","_seopress_robots_index":"","_vp_format_video_url":"","_vp_image_focal_point":[],"footnotes":""},"class_list":["post-9761","page","type-page","status-publish","has-post-thumbnail","hentry"],"_links":{"self":[{"href":"https:\/\/5puntocero.com\/es\/wp-json\/wp\/v2\/pages\/9761","targetHints":{"allow":["GET"]}}],"collection":[{"href":"https:\/\/5puntocero.com\/es\/wp-json\/wp\/v2\/pages"}],"about":[{"href":"https:\/\/5puntocero.com\/es\/wp-json\/wp\/v2\/types\/page"}],"author":[{"embeddable":true,"href":"https:\/\/5puntocero.com\/es\/wp-json\/wp\/v2\/users\/1"}],"replies":[{"embeddable":true,"href":"https:\/\/5puntocero.com\/es\/wp-json\/wp\/v2\/comments?post=9761"}],"version-history":[{"count":36,"href":"https:\/\/5puntocero.com\/es\/wp-json\/wp\/v2\/pages\/9761\/revisions"}],"predecessor-version":[{"id":13848,"href":"https:\/\/5puntocero.com\/es\/wp-json\/wp\/v2\/pages\/9761\/revisions\/13848"}],"wp:featuredmedia":[{"embeddable":true,"href":"https:\/\/5puntocero.com\/es\/wp-json\/wp\/v2\/media\/12841"}],"wp:attachment":[{"href":"https:\/\/5puntocero.com\/es\/wp-json\/wp\/v2\/media?parent=9761"}],"curies":[{"name":"wp","href":"https:\/\/api.w.org\/{rel}","templated":true}]}}