{"id":3,"date":"2023-12-22T17:39:00","date_gmt":"2023-12-22T17:39:00","guid":{"rendered":"http:\/\/5puntocero.com\/?page_id=3"},"modified":"2024-02-28T22:50:57","modified_gmt":"2024-02-28T22:50:57","slug":"privacy-policy","status":"publish","type":"page","link":"https:\/\/5puntocero.com\/es\/privacy-policy\/","title":{"rendered":"Privacy Policy"},"content":{"rendered":"<h4 class=\"wp-block-heading txtwelcome txt4grosor\">POL\u00cdTICA DE PRIVACIDAD Y PROTECCI\u00d3N DE DATOS<\/h4>\n\n\n\n<p>En esta secci\u00f3n, Ada Navarro Penalba, propietaria de la p\u00e1gina web www.5puntocero.com, con domicilio social en C\/ Gran V\u00eda Marques del Turia 49\u00ba 5\u00ba 11\u00aa, 46005, Valencia, con NIF n\u00ba 24372268L, expone la Pol\u00edtica de Privacidad corporativa sobre la informaci\u00f3n de car\u00e1cter personal que el usuario puede facilitar cuando visite nuestro Web site.<br>La Pol\u00edtica de Privacidad de la web est\u00e1 presidida por el cumplimiento de la legislaci\u00f3n vigente en materia de protecci\u00f3n de datos de car\u00e1cter personal y la Ley de Servicios de la Sociedad de la Informaci\u00f3n y Comercio Electr\u00f3nico.\u00a0<\/p>\n\n\n\n<p>En cumplimiento de lo establecido en la Ley Org\u00e1nica 15\/1999, de 13 de diciembre, de Protecci\u00f3n de Datos de Car\u00e1cter Personal (en adelante, LOPD), se informa de que los datos de car\u00e1cter personal por Vd. proporcionados, as\u00ed como aquellos datos a los que se pueda acceder como consecuencia de su navegaci\u00f3n, ser\u00e1n incorporados a los ficheros de Ada Navarro Penalba. Se puede recabar informaci\u00f3n de los usuarios a trav\u00e9s del presente sitio web por cualquiera de las siguientes v\u00edas:&nbsp;<\/p>\n\n\n\n<p>Informaci\u00f3n facilitada por el propio usuario a trav\u00e9s de las direcciones de contacto (info@5puntocero.com). Procesos de registro para determinados servicios proporcionados en la p\u00e1gina web.&nbsp;<\/p>\n\n\n\n<p>La informaci\u00f3n personal de identificaci\u00f3n se utilizar\u00e1 exclusivamente para responder a sus solicitudes y para facilitarle informaci\u00f3n sobre los servicios de 5.0 Models Management.&nbsp;<\/p>\n\n\n\n<p>A su vez, se podr\u00e1 utilizar para otros fines, pero siempre y cuando se le solicite previamente y se obtenga su consentimiento expreso y espec\u00edfico para ello.&nbsp;<\/p>\n\n\n\n<p>Los datos que usted facilita se utilizar\u00e1n exclusivamente para ofrecerle servicios de informaci\u00f3n dentro del \u00e1mbito para el que fueron solicitados, posibilitando la actualizaci\u00f3n de los datos de registro para el caso no desear recibir m\u00e1s informaci\u00f3n o modificar el contenido de la misma.&nbsp;<\/p>\n\n\n\n<p>Ada Navarro Penalba trata la informaci\u00f3n personal con estricto cumplimiento de la legislaci\u00f3n en materia de Protecci\u00f3n de Datos de Car\u00e1cter Personal, en particular de la Ley Org\u00e1nica 15\/1999, de Protecci\u00f3n de Datos de Car\u00e1cter Personal, y del RD 1720\/2007.&nbsp;<\/p>\n\n\n\n<p>En este sentido todos los datos personales recabados ser\u00e1n incorporados a ficheros dados de alta en el Registro General de Protecci\u00f3n de Datos a nombre de Ada Navarro Penalba, cumpliendo con todas las obligaciones establecidas, especialmente las relativas a cumplimiento de los principios de informaci\u00f3n y consentimiento.&nbsp;<\/p>\n\n\n\n<p>Asimismo, Ada Navarro Penalba tiene establecidos conforme al Reglamento de Medidas de Seguridad, pol\u00edticas y procedimientos de seguridad tecnol\u00f3gica y operativa para proteger su informaci\u00f3n personal contra la p\u00e9rdida, uso err\u00f3neo, modificaci\u00f3n o destrucci\u00f3n no intencionada, preservando en todo caso la confidencialidad de la misma.&nbsp;<\/p>\n\n\n\n<p>En cumplimiento de la Ley 34\/2002, de 11 de julio, de Servicios de la Sociedad de la Informaci\u00f3n y de Comercio Electr\u00f3nico, (en adelante LSSICE), Ada Navarro Penalba no enviar\u00e1 por correo electr\u00f3nico comunicaciones publicitarias que no hayan sido autorizadas por los usuarios.&nbsp;<\/p>\n\n\n\n<p>Ada Navarro Penalba identificar\u00e1 mediante la palabra \u201cpublicidad\u201d aquellos correos o Newsletters que contengan comunicaciones comerciales o promociones, exclusivamente.&nbsp;<\/p>\n\n\n\n<p>En aquellos casos donde sea necesario cumplimentar un formulario (inscripci\u00f3n a seminarios o eventos), o remitir un correo electr\u00f3nico (contacta: info@5puntocero.com) y hacer click en el bot\u00f3n de enviar, su realizaci\u00f3n implicar\u00e1 necesariamente que haya sido informado (en virtud del art\u00edculo 5 LOPD) y, en su caso, ha otorgado el correspondiente consentimiento (a tenor del art\u00edculo 6 LOPD) al contenido de la presente pol\u00edtica de privacidad.&nbsp;<\/p>\n\n\n\n<p>As\u00ed, siempre que Ada Navarro Penalba solicite datos de car\u00e1cter personal, incluir\u00e1 el correspondiente clausulado legal y un enlace (link) vinculado a la presente Pol\u00edtica con el prop\u00f3sito de hacerle part\u00edcipe de sus derechos y obligaciones establecidos en la LOPD y LSSICE.&nbsp;<\/p>\n\n\n\n<div style=\"height:15px\" aria-hidden=\"true\" class=\"wp-block-spacer\"><\/div>\n\n\n\n<h4 class=\"wp-block-heading txtwelcome txt4grosor\">AVISO LEGAL<\/h4>\n\n\n\n<p>Para comunicarse con nosotros, env\u00ede un e-mail a info@5puntocero.com con asunto responsable legal web.<br>Ada Navarro Penalba en cumplimiento de la Ley 34\/2002, de 11 de julio, de servicios de la sociedad de la informaci\u00f3n y de comercio electr\u00f3nico, le informa de que el hecho de acceder a este website implica el conocimiento y aceptaci\u00f3n de los siguientes t\u00e9rminos y condiciones:&nbsp;<\/p>\n\n\n\n<div style=\"height:15px\" aria-hidden=\"true\" class=\"wp-block-spacer\"><\/div>\n\n\n\n<p class=\"txtwelcome txt4grosor\">1. USUARIOS&nbsp;<\/p>\n\n\n\n<p>Se entender\u00e1 por Usuario a la persona que acceda, navegue, utilice o participe en los servicios y actividades, gratuitas u onerosas, desarrolladas en 5puntocero.com&nbsp;<\/p>\n\n\n\n<div style=\"height:15px\" aria-hidden=\"true\" class=\"wp-block-spacer\"><\/div>\n\n\n\n<p class=\"txtwelcome txt4grosor\">2. USO DEL SITIO WEB, SUS SERVICIOS Y CONTENIDOS&nbsp;<\/p>\n\n\n\n<p>Se entender\u00e1 que el acceso o la mera utilizaci\u00f3n de 5puntocero.com por parte del Usuario implica la adhesi\u00f3n de \u00e9ste a las condiciones generales que 5puntocero.com tenga publicadas en cada momento en el que acceda a 5puntocero.com&nbsp;<\/p>\n\n\n\n<p>Ada Navarro Penalba es titular de los derechos de propiedad intelectual e industrial referidos a sus productos y servicios.&nbsp;<\/p>\n\n\n\n<p>Respecto de los contenidos (informaciones, textos, gr\u00e1ficos, archivos de sonido y\/o imagen, fotograf\u00edas, dise\u00f1os, etc.), se proh\u00edbe:&nbsp;<\/p>\n\n\n\n<p>\u2022Su reproducci\u00f3n, distribuci\u00f3n o modificaci\u00f3n, a menos que se cuente con la autorizaci\u00f3n de sus leg\u00edtimos titulares o resulte legalmente permitido.<br>\u2022Cualquier vulneraci\u00f3n de los derechos de Ada Navarro Penalba o de sus leg\u00edtimos titulares sobre los mismos.<br>\u2022Su utilizaci\u00f3n para todo tipo de fines comerciales o publicitarios, distintos de los estrictamente permitidos.&nbsp;<\/p>\n\n\n\n<p>\u2022Cualquier intento de obtener los contenidos del sitio Web por cualquier medio distinto de los que se pongan a disposici\u00f3n de los usuarios, as\u00ed como de los que habitualmente se empleen en la red, siempre que no causen perjuicio alguno a la web de Ada Navarro Penalba.&nbsp;<\/p>\n\n\n\n<div style=\"height:15px\" aria-hidden=\"true\" class=\"wp-block-spacer\"><\/div>\n\n\n\n<p class=\"txtwelcome txt4grosor\">3. MODIFICACION UNILATERAL&nbsp;<\/p>\n\n\n\n<p>Ada Navarro Penalba se reserva la facultad de efectuar, en cualquier momento y sin necesidad de previo aviso, modificaciones y actualizaciones la informaci\u00f3n contenida en su web o en la configuraci\u00f3n y presentaci\u00f3n de \u00e9ste.&nbsp;<\/p>\n\n\n\n<div style=\"height:15px\" aria-hidden=\"true\" class=\"wp-block-spacer\"><\/div>\n\n\n\n<p class=\"txtwelcome txt4grosor\">4. HIPERENLACES&nbsp;<\/p>\n\n\n\n<p>En Ada Navarro Penalba, el Usuario podr\u00e1 encontrar enlaces a otras p\u00e1ginas web mediante diferentes botones, links, banners, etc., los cuales son gestionados por terceros. Ada Navarro Penalba no tiene facultad ni medios humanos ni t\u00e9cnicos para conocer, controlar ni aprobar toda la informaci\u00f3n, contenidos, productos o servicios facilitados por otros sitios web a los que se establecen enlaces desde 5puntocero.com. En consecuencia, Ada Navarro Penalba no puede asumir ning\u00fan tipo de responsabilidad por cualquier aspecto relativo a la p\u00e1gina web a la que se establece un enlace desde 5puntocero.com, en concreto, a t\u00edtulo enunciativo y no taxativo, sobre su funcionamiento, acceso, datos, informaci\u00f3n, archivos, calidad y fiabilidad de sus productos y servicios, sus propios enlaces y\/o cualquiera de sus contenidos, en general.&nbsp;<\/p>\n\n\n\n<div style=\"height:15px\" aria-hidden=\"true\" class=\"wp-block-spacer\"><\/div>\n\n\n\n<p class=\"txtwelcome txt4grosor\">5. EXCLUSION DE GARANTIAS Y RESPONSABILIDAD&nbsp;<\/p>\n\n\n\n<p>Ada Navarro Penalba no garantiza la inexistencia de errores en el acceso al web, en su contenido, ni que \u00e9ste se encuentre actualizado, aunque desarrollar\u00e1 sus mejores esfuerzos para, en su caso, evitarlos, subsanarlos o actualizarlos.&nbsp;<\/p>\n\n\n\n<p>Tanto el acceso a este web como el uso que pueda hacerse de la informaci\u00f3n contenida en el mismo es de la exclusiva responsabilidad de quien lo realiza.&nbsp;<\/p>\n\n\n\n<p>En caso de que existiese usuario y clave para acceder a determinados contendido\/ servicios, el usuario ser\u00e1 responsable de todas las acciones que realice con su identificador de usuario. En concreto, ser\u00e1 responsable de escoger, como clave y como recordatorio de la misma, contrase\u00f1as y frases robustas, esto es, cifras y letras e incluso, en los sistemas que lo permitan, signos de puntuaci\u00f3n y caracteres especiales, dif\u00edciles de adivinar. En especial, el usuario evitar\u00e1 escoger palabras del diccionario, palabras que est\u00e9n relacionadas con \u00e9l mismo (nombre de familiar, domicilio, fecha de nacimiento, etc.) o sencillas de adivinar (combinaciones de nombres con meses, prefijos y sufijos, etc.). Ada Navarro Penalba no responder\u00e1 de ninguna consecuencia, da\u00f1o o perjuicio que pudieran derivarse de dicho acceso o uso de la informaci\u00f3n.&nbsp;<\/p>\n\n\n\n<p>Ada Navarro Penalba no asume responsabilidad alguna derivada de la conexi\u00f3n o contenidos de los enlaces de terceros a los que se hace referencia en la web.&nbsp;<\/p>\n\n\n\n<p>La utilizaci\u00f3n no autorizada de la informaci\u00f3n contenida en esta web, as\u00ed como la lesi\u00f3n de los derechos de Propiedad Intelectual o Industrial de Ada Navarro Penalba, dar\u00e1 lugar a las responsabilidades legalmente establecidas.&nbsp;<\/p>\n\n\n\n<p>Ada Navarro Penalba no se hace responsable de los posibles errores de seguridad que se puedan producir ni de los posibles da\u00f1os que puedan causarse al sistema inform\u00e1tico del usuario (hardware y software), los ficheros o documentos almacenados en el mismo, como consecuencia de la presencia de virus en el ordenador del usuario utilizado para la conexi\u00f3n a los servicios y contenidos de eptisa.com, de un mal funcionamiento del navegador o del uso de versiones no actualizadas del mismo.&nbsp;<\/p>\n\n\n\n<p>Las cookies constituyen una herramienta empleada por los servidores web para almacenar y recuperar informaci\u00f3n acerca de sus visitantes. Son peque\u00f1os archivos de texto que enviamos a su ordenador para mantener un registro de sus preferencias y recordarlas a su regreso.&nbsp;<\/p>\n\n\n\n<p>Ada Navarro Penalba utiliza cookies para facilitar la navegaci\u00f3n por su Portal y para obtener una mayor eficacia y personalizaci\u00f3n de los servicios ofrecidos a los usuarios. Las cookies utilizadas por Ada Navarro Penalba permiten almacenar informaci\u00f3n sobre las preferencias e idioma del usuario, a fin de poder mostrarle contenidos y ofertas de especial inter\u00e9s acordes con su perfil y registrar el n\u00famero de veces que se muestra a un usuario un determinado mensaje (generalmente novedades en el Portal).&nbsp;<\/p>\n\n\n\n<p>El usuario puede libremente decidir acerca de la implantaci\u00f3n o no en su disco duro de las cookies empleadas por Ada Navarro Penalba&nbsp;<\/p>\n\n\n\n<p>En este sentido, el usuario puede configurar su navegador para aceptar o rechazar por defecto todas las cookies o para recibir un aviso en pantalla de la recepci\u00f3n de cada cookie y decidir en ese momento su implantaci\u00f3n o no en su disco duro. Para ello, le sugerimos la secci\u00f3n de ayuda de su navegador para saber c\u00f3mo cambiar la configuraci\u00f3n que actualmente emplea.&nbsp;<\/p>\n\n\n\n<div style=\"height:15px\" aria-hidden=\"true\" class=\"wp-block-spacer\"><\/div>\n\n\n\n<p class=\"txtwelcome txt4grosor\">6. DURACION&nbsp;<\/p>\n\n\n\n<p>La vigencia temporal de estas condiciones generales coincide, por lo tanto, con el tiempo de su exposici\u00f3n, hasta que sean modificadas total o parcialmente, momento en el cual pasar\u00e1n a tener vigencia las condiciones generales modificadas.&nbsp;<\/p>\n\n\n\n<p>Con independencia de lo dispuesto en las condiciones particulares, Ada Navarro Penalba podr\u00e1 dar por terminado, suspender o interrumpir, en cualquier momento sin necesidad de preaviso, el acceso a los contenidos de la p\u00e1gina, sin posibilidad por parte del Usuario de exigir indemnizaci\u00f3n alguna. Tras dicha extinci\u00f3n, seguir\u00e1n vigentes las prohibiciones de uso de los contenidos expuestas anteriormente en las presentes condiciones.&nbsp;<\/p>\n\n\n\n<div style=\"height:15px\" aria-hidden=\"true\" class=\"wp-block-spacer\"><\/div>\n\n\n\n<p class=\"txtwelcome txt4grosor\">7. LEGISLACION APLICABLE Y JURISDICCION&nbsp;<\/p>\n\n\n\n<p>Las presentes Condiciones Generales se regir\u00e1n por la legislaci\u00f3n espa\u00f1ola. En especial, ser\u00e1 de aplicaci\u00f3n la Ley 34\/2002, de 11 de julio, de servicios de la sociedad de la informaci\u00f3n y de comercio electr\u00f3nico y la Ley Org\u00e1nica 15\/1999, de Protecci\u00f3n de Datos de Car\u00e1cter Personal (LOPD) y su normativa de desarrollo.&nbsp;<\/p>\n\n\n\n<p>La jurisdicci\u00f3n espa\u00f1ola el \u00fanico fuero para dirimir conflictos. Ada Navarro Penalba y el usuario, con renuncia expresa a cualquier otro fuero que pudiera corresponderles, se someten a la Jurisdicci\u00f3n de los Juzgados y Tribunales del domicilio del usuario para cuantas cuestiones pudieran suscitarse o acciones ejercitarse derivadas de la prestaci\u00f3n del servicio del Web y de sus servicios y contenidos y sobre la interpretaci\u00f3n, aplicaci\u00f3n, cumplimiento o incumplimiento de lo aqu\u00ed establecido. En el supuesto de que el Usuario tenga su domicilio fuera de Espa\u00f1a, Ada Navarro Penalba y el usuario, con renuncia expresa a cualquier otro fuero que pudiera corresponderles, se someten a la Jurisdicci\u00f3n de los Juzgados y Tribunales de Valencia.&nbsp;<\/p>","protected":false},"excerpt":{"rendered":"<p>PRIVACY AND DATA PROTECTION POLICY In this section, Ada Navarro Penalba, owner of the website www.5puntocero.com, with registered office at C\/ Gran V\u00eda Marques del Turia 49\u00ba 5\u00ba 11\u00aa, 46005, Valencia, with NIF n\u00ba 24372268L, exposes the corporate Privacy Policy on the personal information that the user can provide when visiting our website.The Privacy Policy [&hellip;]<\/p>","protected":false},"author":1,"featured_media":12839,"parent":0,"menu_order":999,"comment_status":"closed","ping_status":"closed","template":"","meta":{"_seopress_robots_primary_cat":"","_seopress_titles_title":"","_seopress_titles_desc":"","_seopress_robots_index":"yes","_vp_format_video_url":"","_vp_image_focal_point":[],"footnotes":""},"class_list":["post-3","page","type-page","status-publish","has-post-thumbnail","hentry"],"_links":{"self":[{"href":"https:\/\/5puntocero.com\/es\/wp-json\/wp\/v2\/pages\/3","targetHints":{"allow":["GET"]}}],"collection":[{"href":"https:\/\/5puntocero.com\/es\/wp-json\/wp\/v2\/pages"}],"about":[{"href":"https:\/\/5puntocero.com\/es\/wp-json\/wp\/v2\/types\/page"}],"author":[{"embeddable":true,"href":"https:\/\/5puntocero.com\/es\/wp-json\/wp\/v2\/users\/1"}],"replies":[{"embeddable":true,"href":"https:\/\/5puntocero.com\/es\/wp-json\/wp\/v2\/comments?post=3"}],"version-history":[{"count":22,"href":"https:\/\/5puntocero.com\/es\/wp-json\/wp\/v2\/pages\/3\/revisions"}],"predecessor-version":[{"id":13455,"href":"https:\/\/5puntocero.com\/es\/wp-json\/wp\/v2\/pages\/3\/revisions\/13455"}],"wp:featuredmedia":[{"embeddable":true,"href":"https:\/\/5puntocero.com\/es\/wp-json\/wp\/v2\/media\/12839"}],"wp:attachment":[{"href":"https:\/\/5puntocero.com\/es\/wp-json\/wp\/v2\/media?parent=3"}],"curies":[{"name":"wp","href":"https:\/\/api.w.org\/{rel}","templated":true}]}}